{"id":853,"date":"2019-10-21T12:43:08","date_gmt":"2019-10-21T12:43:08","guid":{"rendered":"http:\/\/xn--smukhudogvelvre-9lb.dk\/?page_id=853"},"modified":"2019-12-15T09:24:06","modified_gmt":"2019-12-15T09:24:06","slug":"produkter","status":"publish","type":"page","link":"https:\/\/xn--smukhudogvelvre-9lb.dk\/index.php\/produkter\/","title":{"rendered":"PRODUKTER"},"content":{"rendered":"<p><div id=\"aboutus\" class=\"fusion-container-anchor\"><div class=\"fusion-fullwidth fullwidth-box fusion-builder-row-1 nonhundred-percent-fullwidth non-hundred-percent-height-scrolling fusion-equal-height-columns\" style=\"--awb-background-position:center bottom;--awb-background-repeat:repeat-x;--awb-border-radius-top-left:0px;--awb-border-radius-top-right:0px;--awb-border-radius-bottom-right:0px;--awb-border-radius-bottom-left:0px;--awb-padding-top:40px;--awb-flex-wrap:wrap;\" ><div class=\"fusion-builder-row fusion-row\"><div class=\"fusion-layout-column fusion_builder_column fusion-builder-column-0 fusion_builder_column_1_1 1_1 fusion-one-full fusion-column-first fusion-column-last fusion-column-no-min-height\" style=\"--awb-padding-right:30px;--awb-padding-left:30px;--awb-bg-size:cover;--awb-margin-top:0px;--awb-margin-bottom:60px;\"><div class=\"fusion-column-wrapper fusion-flex-column-wrapper-legacy\"><div class=\"fusion-sep-clear\"><\/div><div class=\"fusion-separator fusion-full-width-sep\" style=\"margin-left: auto;margin-right: auto;margin-top:20px;margin-bottom:20px;width:100%;\"><\/div><div class=\"fusion-sep-clear\"><\/div><div class=\"fusion-text fusion-text-1\"><h3 data-fontsize=\"45\" data-lineheight=\"48\"><b>Dermalogica<\/b>:  (ansigt- \/ kropsbehandlinger)<\/h3>\n<p>I 1986 revolutionerede Dermalogica hudplejeindustrien med innovative produkter uden almindeligt kendte irritationsfremkaldende ingredienser som S.D. alkohol, lanolin, mineralske olier og kunstige farve- og duftstoffer. Med lanceringen af et renseprodukt, en toner, en fugtcreme og en eksfoliering, som stadig er blandt hudplejeserien bedst s\u00e6lgende produkter, bragte den vision\u00e6re grundl\u00e6gger Jane Wurwand sit brand fra en ide til verdens mest efterspurgte professionelle hudplejem\u00e6rke.<\/p>\n<p>I dag forandrer og fornyer Dermalogica sig stadig med koncepter som FaceMapping hudanalyse, Face Fit behandlinger samt Skin Bar, hvor vi som professionelle kosmetologer uddanner dig som kunde i sund hud gennem hudanalyse og behandlinger samt anbefaling af produkter til hjemmepleje, der giver dig resultater.<\/p>\n<\/div><div class=\"fusion-text fusion-text-2\"><h3><strong>Lycon<\/strong>: (til voksbehandlinger)<\/h3>\n<p>Lycon blev i 1978 grundlagt af en Australsk kvinde ved navn Lydia Jordane Lycon har siden da vokset sig st\u00f8rre og st\u00f8rre og forhandles i dag i mere end 65 lande verden over. Lycon betragtes som et af de mest effektive og sk\u00e5nsomme h\u00e5rfjerningsmidler der findes, og Lycon kan fjerne h\u00e5r helt ned til f\u00e5 millimeters l\u00e6ngde. Lycons voksbehandling er s\u00e5 sk\u00e5nsom s\u00e5 du stort set slipper for irriteret hud bagefter.H\u00e5rene fjernes med h\u00e5rs\u00e6k, hvilket betyder, at du ofte kan nyde at v\u00e6re h\u00e5rfri i op til flere uger efter behandlingen. Mange oplever, at de med behandlingen f\u00e5r f\u00e6rre og finere h\u00e5r over tid.<\/p>\n<p>Lycon forhandles ikke til private, men er kun at finde i sk\u00f8nhedsklinikker.<\/p>\n<\/div><div class=\"fusion-text fusion-text-3\"><h3 data-fontsize=\"45\" data-lineheight=\"48\"><b>dermaOXY (<\/b>oxygenbehandling)<\/h3>\n<p>En dansk udviklet anti-age behandling. dermaOXY konceptet er udviklet til at arbejde sammen med hudens egne processer. Der har derfor v\u00e6ret h\u00f8j fokus p\u00e5 valg af ingredienser, som alle g\u00f8r en vital forskel for hudens sundhed, fugtighed og struktur. (serum sluses ned i dermis og arbejder sig herefter opad) dermaOXY udv\u00e6lger og sammens\u00e6tter r\u00e5materialer, der har en dokumenteret anti-age effekt, med fokus p\u00e5 reduktion af rynker og fine linjer med henblik p\u00e5, at opn\u00e5 en generelt sundere hud. dermaOXY f\u00f8rer deres egen effektive hudplejeserie, som sammen med oxygenbehandlingen p\u00e5 klinikken giver et effektivt og synligt resultat allerede efter f\u00f8rste behandling, ikke mindst <b>helt <\/b>uden brug af injektioner. dermaOXY oxygenbehandling udf\u00f8res dagligt p\u00e5 klinikker i over 20 lande verden over. Med en dermaOXY behandling opn\u00e5r huden en synlig optimering af fugtbalancen, genopbygning af collagen samt en stimulering af hudcellerne.<\/p>\n<p>dermaOXY har ligeledes udviklet en <b>scalp<\/b>serum som kan anbefales til t\u00f8r og skellet hovedbund. Serum er tilsat et h\u00e5r- og vitaminkompleks der styrker, beskytter og n\u00e6rer den enkelte h\u00e5rs\u00e6k, samt optimerer h\u00e5rets glans. dermaOXY scalp serum er ogs\u00e5 velegnet til farvet, slidt og \u00f8delagt h\u00e5r. Behandlingen synes ligeledes at \u00f8ge h\u00e5rv\u00e6ksten og dermed give et fyldigere, flottere og mere glansfuldt h\u00e5r.<\/p>\n<\/div><div class=\"fusion-text fusion-text-4\"><h3 data-fontsize=\"45\" data-lineheight=\"48\"><b>CND<\/b><\/h3>\n<p>I 2004 blev Insight Cosmetics Group A\/S etableret p\u00e5 det danske marked som leverand\u00f8rer af professionelle m\u00e6rkevareprodukter samt uddannelse til sk\u00f8nheds- og negleklinikker samt spa- og wellness-centre.<\/p>\n<p>CND er verdens f\u00f8rende udbyder af professionelle produkter til forsk\u00f8nnelse og pleje af h\u00e6nder, f\u00f8dder, negle-forl\u00e6ngelse og forst\u00e6rkning samt vinylux og shellac.<br \/>\nCND leverer produkter af meget h\u00f8j kvalitet, fordi kvalitet skaber langvarig forbrugerloyalitet til gl\u00e6de for kunderne. Vi samarbejder med neglesaloner, spa-centre, kosmetologer og fris\u00f8rer over hele landet.<\/p>\n<p>Shellac er en st\u00e6rk, str\u00e5lende blank form for gel\u00e9neglelak, som ikke skaller af eller bliver ridset som almindelig neglelak. Efter p\u00e5f\u00f8ring h\u00e6rdes gel\u00e9lakken ved h\u00f8j temperatur, og herefter er dine negle klar til lidt af hvert uden at f\u00e5 hakker eller ridser. Efter en behandling med shellac kan du v\u00e6re heldig dine negle holde i helt op til 14 dage uden skader. Det er bestemt ikke uden grund, at shellac har g\u00e5et sin sejrsgang over hele verden. Pr\u00f8v selv og se, hvor flotte dine negle kan blive.<\/p>\n<\/div><div class=\"fusion-text fusion-text-5\"><hr>\n<h2 data-fontsize=\"72\" data-lineheight=\"86\">Behandlingerne<\/h2>\n<p>Alle ansigtsbehandlingerne hos smukhud &amp; velv\u00e6re best\u00e5r af f\u00f8lgende: afrensning, hudanalyse, exfoliering, fugt-opbyggende og vedligeholdende maske afpasset til hudtype og tilstand. Herefter afsluttende produkter samt vejledning i brug af hjemmeprodukter.<\/p>\n<h3 data-fontsize=\"45\" data-lineheight=\"48\"><strong>Voksbehandling med Lycon<\/strong><\/h3>\n<p>Jeg bestr\u00e6ber mig p\u00e5 at give dig som kunde den bedste og mest behagelige oplevelse under behandlingen. Jeg g\u00e5r meget op i at bruge en teknik, der sikrer en n\u00e6nsom og hurtig behandling. Jeg anvender udelukkende Lycon voks for, derved at opn\u00e5 det bedste mest behagelige resultat.<\/p>\n<h3 data-fontsize=\"45\" data-lineheight=\"48\"><strong>Hvordan foreg\u00e5r intime voksbehandlinger?<\/strong><\/h3>\n<p>Inden behandlingen starter, vil du f\u00e5 forklaret selve forl\u00f8bet n\u00e5r du kommer ind i behandlingsrummet. Under alle behandlinger vil der blive renset af i selve omr\u00e5det, b\u00e5de f\u00f8r og efter behandlingen.<\/p>\n<p>Ved brasiliansk\/Hollywood vil jeg bede dig tage undert\u00f8jet af, ved Bikini v\u00e6lger du selv, hvorvidt du vil beholde undert\u00f8jet p\u00e5. Det vigtigste er, at du f\u00f8ler dig tryg og tilpas under behandlingen.<\/p>\n<h3 data-fontsize=\"45\" data-lineheight=\"48\"><strong>Hvilken voksbehandling skal jeg v\u00e6lge? <\/strong><\/h3>\n<p>Der findes rigtig mange forskellige varianter af intimvoks behandling, alt fra Brazilian (brasiliansk), Hollywood, Californian (Tanga), Spansk og bikini. Jeg oplever ofte, at der kan v\u00e6re en smule forvirring omkring hvad forskellen er p\u00e5 disse typer af intim voksning. Har du brug for vejledning hj\u00e6lper jeg dig gerne undervejs.<\/p>\n<\/div><div class=\"fusion-clearfix\"><\/div><\/div><\/div><\/div><\/div><\/div><div class=\"fusion-fullwidth fullwidth-box fusion-builder-row-2 nonhundred-percent-fullwidth non-hundred-percent-height-scrolling\" style=\"--awb-background-position:center top;--awb-background-repeat:repeat-x;--awb-border-radius-top-left:0px;--awb-border-radius-top-right:0px;--awb-border-radius-bottom-right:0px;--awb-border-radius-bottom-left:0px;--awb-padding-top:70px;--awb-padding-right:20px;--awb-padding-bottom:0px;--awb-padding-left:20px;--awb-margin-bottom:0px;--awb-background-color:#ceb19c;--awb-flex-wrap:wrap;\" ><div class=\"fusion-builder-row fusion-row\"><div class=\"fusion-layout-column fusion_builder_column fusion-builder-column-1 fusion_builder_column_1_5 1_5 fusion-one-fifth fusion-column-first fusion-no-small-visibility\" style=\"--awb-bg-size:cover;width:20%;width:calc(20% - ( ( 0px + 0px ) * 0.2 ) );margin-right: 0px;\"><div class=\"fusion-column-wrapper fusion-flex-column-wrapper-legacy\"><div class=\"fusion-clearfix\"><\/div><\/div><\/div><div class=\"fusion-layout-column fusion_builder_column fusion-builder-column-2 fusion_builder_column_3_5 3_5 fusion-three-fifth\" style=\"--awb-bg-size:cover;--awb-margin-top:0px;--awb-margin-bottom:10%;width:60%;width:calc(60% - ( ( 0px + 0px ) * 0.6 ) );margin-right: 0px;\"><div class=\"fusion-column-wrapper fusion-flex-column-wrapper-legacy\"><div class=\"fusion-title title fusion-title-1 fusion-sep-none fusion-title-center fusion-title-text fusion-title-size-three\" style=\"--awb-margin-top-small:0px;--awb-margin-right-small:0px;--awb-margin-bottom-small:20px;--awb-margin-left-small:0px;\"><h3 class=\"fusion-title-heading title-heading-center fusion-responsive-typography-calculated\" style=\"margin:0;--fontSize:45;line-height:1.08;\"><span style=\"color: #ffffff;\">BOOK TID I DAG<br \/>\n<\/span><\/h3><\/div><div class=\"fusion-sep-clear\"><\/div><div class=\"fusion-separator\" style=\"margin-left: auto;margin-right: auto;margin-bottom:35px;width:100%;max-width:80px;\"><\/div><div class=\"fusion-sep-clear\"><\/div><div class=\"fusion-button-wrapper fusion-align-block\"><a class=\"fusion-button button-flat button-xlarge button-custom fusion-button-default button-1 fusion-button-default-span fusion-button-default-type\" style=\"--button_accent_color:#333333;--button_accent_hover_color:#333333;--button_border_hover_color:#ffffff;--button_gradient_top_color:#ffffff;--button_gradient_bottom_color:#ffffff;--button_gradient_top_color_hover:#ffffff;--button_gradient_bottom_color_hover:#ffffff;--button_text_transform:uppercase;\" target=\"_self\" href=\" https:\/\/smukhudogvelvaere.onlinebooq.dk\"><span class=\"fusion-button-text awb-button__text awb-button__text--default\">ONLINE BOOKING<\/span><\/a><\/div><div class=\"fusion-clearfix\"><\/div><\/div><\/div><div class=\"fusion-layout-column fusion_builder_column fusion-builder-column-3 fusion_builder_column_1_5 1_5 fusion-one-fifth fusion-column-last fusion-no-small-visibility\" style=\"--awb-bg-size:cover;width:20%;width:calc(20% - ( ( 0px + 0px ) * 0.2 ) );\"><div class=\"fusion-column-wrapper fusion-flex-column-wrapper-legacy\"><div class=\"fusion-clearfix\"><\/div><\/div><\/div><\/div><\/div><\/p>\n","protected":false},"excerpt":{"rendered":"","protected":false},"author":1,"featured_media":0,"parent":0,"menu_order":0,"comment_status":"closed","ping_status":"closed","template":"100-width.php","meta":{"footnotes":""},"class_list":["post-853","page","type-page","status-publish","hentry"],"_links":{"self":[{"href":"https:\/\/xn--smukhudogvelvre-9lb.dk\/index.php\/wp-json\/wp\/v2\/pages\/853","targetHints":{"allow":["GET"]}}],"collection":[{"href":"https:\/\/xn--smukhudogvelvre-9lb.dk\/index.php\/wp-json\/wp\/v2\/pages"}],"about":[{"href":"https:\/\/xn--smukhudogvelvre-9lb.dk\/index.php\/wp-json\/wp\/v2\/types\/page"}],"author":[{"embeddable":true,"href":"https:\/\/xn--smukhudogvelvre-9lb.dk\/index.php\/wp-json\/wp\/v2\/users\/1"}],"replies":[{"embeddable":true,"href":"https:\/\/xn--smukhudogvelvre-9lb.dk\/index.php\/wp-json\/wp\/v2\/comments?post=853"}],"version-history":[{"count":16,"href":"https:\/\/xn--smukhudogvelvre-9lb.dk\/index.php\/wp-json\/wp\/v2\/pages\/853\/revisions"}],"predecessor-version":[{"id":923,"href":"https:\/\/xn--smukhudogvelvre-9lb.dk\/index.php\/wp-json\/wp\/v2\/pages\/853\/revisions\/923"}],"wp:attachment":[{"href":"https:\/\/xn--smukhudogvelvre-9lb.dk\/index.php\/wp-json\/wp\/v2\/media?parent=853"}],"curies":[{"name":"wp","href":"https:\/\/api.w.org\/{rel}","templated":true}]}}